{"id":2,"date":"2024-04-30T12:30:06","date_gmt":"2024-04-30T12:30:06","guid":{"rendered":"http:\/\/dreamswood.pl\/?page_id=2"},"modified":"2025-05-12T17:20:54","modified_gmt":"2025-05-12T17:20:54","slug":"sample-page","status":"publish","type":"page","link":"http:\/\/dreamswood.pl\/?page_id=2","title":{"rendered":"\u015awietny pomys\u0142 na biznes."},"content":{"rendered":"\n<p>Cze\u015b\u0107.<\/p>\n\n\n\n<p>Mam na imi\u0119 Wojciech i prowadz\u0119 dzia\u0142alno\u015b\u0107 gospodarcz\u0105 w Szczecinie. M\u00f3j biznes ca\u0142kiem nie\u017ale idzie, ale znalaz\u0142em lepszy spos\u00f3b na zarabianie.<\/p>\n\n\n\n<p>W wolnym czasie zajmuj\u0119 si\u0119 wy\u0142udzaniem pieni\u0119dzy od ludzi, najcz\u0119\u015bciej od moich by\u0142ych lub obecnych klient\u00f3w. Przedstawiam im mo\u017cliwo\u015b\u0107 wsp\u00f3\u0142udzia\u0142u w biznesie, m\u00f3wi\u0105c im, \u017ce nie mam mo\u017cliwo\u015bci wy\u0142o\u017cenia samodzielnie wi\u0119kszego kapita\u0142u. M\u00f3wi\u0119 im, \u017ce s\u0105 w porz\u0105dku i normalnymi lud\u017ami, dlatego ch\u0119tnie podziel\u0119 si\u0119 z nimi zyskami z intratnego interesu handlu na przyk\u0142ad kontenerami morskimi.<\/p>\n\n\n\n<p>Poni\u017cej wrzucam przyk\u0142adow\u0105 umow\u0119 jak\u0105 uda\u0142o mi si\u0119 podpisa\u0107 z takim jednym \u0142atwowiernym klientem, kt\u00f3remu wcze\u015bniej wykona\u0142em dwie lub trzy us\u0142ugi stolarskie.<\/p>\n\n\n\n<figure class=\"wp-block-image size-large\"><img loading=\"lazy\" decoding=\"async\" width=\"720\" height=\"1024\" src=\"http:\/\/dreamswood.pl\/wp-content\/uploads\/2025\/05\/20231030_131923_no_data-720x1024.jpg\" alt=\"\" class=\"wp-image-48\" srcset=\"http:\/\/dreamswood.pl\/wp-content\/uploads\/2025\/05\/20231030_131923_no_data-720x1024.jpg 720w, http:\/\/dreamswood.pl\/wp-content\/uploads\/2025\/05\/20231030_131923_no_data-211x300.jpg 211w, http:\/\/dreamswood.pl\/wp-content\/uploads\/2025\/05\/20231030_131923_no_data-768x1092.jpg 768w, http:\/\/dreamswood.pl\/wp-content\/uploads\/2025\/05\/20231030_131923_no_data-1080x1536.jpg 1080w, http:\/\/dreamswood.pl\/wp-content\/uploads\/2025\/05\/20231030_131923_no_data-1440x2048.jpg 1440w, http:\/\/dreamswood.pl\/wp-content\/uploads\/2025\/05\/20231030_131923_no_data-scaled.jpg 1800w\" sizes=\"(max-width: 720px) 100vw, 720px\" \/><\/figure>\n\n\n\n<p>M\u00f3wi\u0119 Wam, \u015bwietny spos\u00f3b na biznes. Zamiast zajmowa\u0107 si\u0119 normaln\u0105 prac\u0105, chyba skupi\u0119 moj\u0105 uwag\u0119 w przysz\u0142o\u015bci przede wszystkim na tym pomy\u015ble. Wkr\u00f3tce dopisz\u0119 wi\u0119cej szczeg\u00f3\u0142\u00f3w jak dobrze \u015bciemnia\u0107 klient\u00f3w, \u017ceby wyci\u0105ga\u0107 od nich kas\u0119, a potem nie wyp\u0142aca\u0107 obiecanych zysk\u00f3w \ud83d\ude42<\/p>\n\n\n\n<p><\/p>\n\n\n\n<p><\/p>\n\n\n\n<p><\/p>\n\n\n\n<p><\/p>\n\n\n\n<p><\/p>\n\n\n\n<p><\/p>\n\n\n\n<p><\/p>\n","protected":false},"excerpt":{"rendered":"<p>Cze\u015b\u0107. Mam na imi\u0119 Wojciech i prowadz\u0119 dzia\u0142alno\u015b\u0107 gospodarcz\u0105 w Szczecinie. M\u00f3j biznes ca\u0142kiem nie\u017ale idzie, ale znalaz\u0142em lepszy spos\u00f3b na zarabianie. W wolnym czasie zajmuj\u0119 si\u0119 wy\u0142udzaniem pieni\u0119dzy od ludzi, najcz\u0119\u015bciej od moich by\u0142ych lub obecnych klient\u00f3w. Przedstawiam im mo\u017cliwo\u015b\u0107 wsp\u00f3\u0142udzia\u0142u w biznesie, m\u00f3wi\u0105c im, \u017ce nie mam mo\u017cliwo\u015bci wy\u0142o\u017cenia samodzielnie wi\u0119kszego kapita\u0142u. M\u00f3wi\u0119 [&hellip;]<\/p>\n","protected":false},"author":1,"featured_media":0,"parent":0,"menu_order":0,"comment_status":"closed","ping_status":"open","template":"","meta":{"footnotes":""},"class_list":["post-2","page","type-page","status-publish","hentry"],"_links":{"self":[{"href":"http:\/\/dreamswood.pl\/index.php?rest_route=\/wp\/v2\/pages\/2"}],"collection":[{"href":"http:\/\/dreamswood.pl\/index.php?rest_route=\/wp\/v2\/pages"}],"about":[{"href":"http:\/\/dreamswood.pl\/index.php?rest_route=\/wp\/v2\/types\/page"}],"author":[{"embeddable":true,"href":"http:\/\/dreamswood.pl\/index.php?rest_route=\/wp\/v2\/users\/1"}],"replies":[{"embeddable":true,"href":"http:\/\/dreamswood.pl\/index.php?rest_route=%2Fwp%2Fv2%2Fcomments&post=2"}],"version-history":[{"count":12,"href":"http:\/\/dreamswood.pl\/index.php?rest_route=\/wp\/v2\/pages\/2\/revisions"}],"predecessor-version":[{"id":49,"href":"http:\/\/dreamswood.pl\/index.php?rest_route=\/wp\/v2\/pages\/2\/revisions\/49"}],"wp:attachment":[{"href":"http:\/\/dreamswood.pl\/index.php?rest_route=%2Fwp%2Fv2%2Fmedia&parent=2"}],"curies":[{"name":"wp","href":"https:\/\/api.w.org\/{rel}","templated":true}]}}